{"id":86,"date":"2022-09-19T06:40:46","date_gmt":"2022-09-19T06:40:46","guid":{"rendered":"https:\/\/demo.bosathemes.com\/bosa\/construction-shop\/?page_id=420"},"modified":"2024-04-03T22:01:32","modified_gmt":"2024-04-03T22:01:32","slug":"services","status":"publish","type":"page","link":"https:\/\/roger-paintingllc.com\/es\/services\/","title":{"rendered":"Services"},"content":{"rendered":"<div data-elementor-type=\"wp-page\" data-elementor-id=\"86\" class=\"elementor elementor-86\" data-elementor-settings=\"{&quot;ha_cmc_init_switcher&quot;:&quot;no&quot;}\" data-elementor-post-type=\"page\">\n\t\t\t\t\t\t<section class=\"elementor-section elementor-top-section elementor-element elementor-element-e4a7533 elementor-section-height-min-height elementor-section-boxed elementor-section-height-default elementor-section-items-middle\" data-id=\"e4a7533\" data-element_type=\"section\" data-e-type=\"section\" data-settings=\"{&quot;background_background&quot;:&quot;classic&quot;,&quot;_ha_eqh_enable&quot;:false}\">\n\t\t\t\t\t\t\t<div class=\"elementor-background-overlay\"><\/div>\n\t\t\t\t\t\t\t<div class=\"elementor-container elementor-column-gap-no\">\n\t\t\t\t\t<div class=\"elementor-column elementor-col-100 elementor-top-column elementor-element elementor-element-7062cb8\" data-id=\"7062cb8\" data-element_type=\"column\" data-e-type=\"column\">\n\t\t\t<div class=\"elementor-widget-wrap elementor-element-populated\">\n\t\t\t\t\t\t<div class=\"elementor-element elementor-element-170a270 elementor-widget elementor-widget-elementskit-heading\" data-id=\"170a270\" data-element_type=\"widget\" data-e-type=\"widget\" data-widget_type=\"elementskit-heading.default\">\n\t\t\t\t<div class=\"elementor-widget-container\">\n\t\t\t\t\t<div class=\"ekit-wid-con\" ><div class=\"ekit-heading elementskit-section-title-wraper text_center   ekit_heading_tablet-   ekit_heading_mobile-\"><h3 class=\"ekit-heading--title elementskit-section-title\">Nuestros servicios<\/h3><\/div><\/div>\t\t\t\t<\/div>\n\t\t\t\t<\/div>\n\t\t\t\t\t<\/div>\n\t\t<\/div>\n\t\t\t\t\t<\/div>\n\t\t<\/section>\n\t\t\t\t<section class=\"elementor-section elementor-top-section elementor-element elementor-element-68c7e3b elementor-section-boxed elementor-section-height-default elementor-section-height-default\" data-id=\"68c7e3b\" data-element_type=\"section\" data-e-type=\"section\" data-settings=\"{&quot;_ha_eqh_enable&quot;:false}\">\n\t\t\t\t\t\t<div class=\"elementor-container elementor-column-gap-no\">\n\t\t\t\t\t<div class=\"elementor-column elementor-col-100 elementor-top-column elementor-element elementor-element-9b431fd\" data-id=\"9b431fd\" data-element_type=\"column\" data-e-type=\"column\">\n\t\t\t<div class=\"elementor-widget-wrap elementor-element-populated\">\n\t\t\t\t\t\t<section class=\"elementor-section elementor-inner-section elementor-element elementor-element-0cab72f elementor-section-boxed elementor-section-height-default elementor-section-height-default\" data-id=\"0cab72f\" data-element_type=\"section\" data-e-type=\"section\" data-settings=\"{&quot;_ha_eqh_enable&quot;:false}\">\n\t\t\t\t\t\t<div class=\"elementor-container elementor-column-gap-no\">\n\t\t\t\t\t<div class=\"elementor-column elementor-col-33 elementor-inner-column elementor-element elementor-element-29cadf9\" data-id=\"29cadf9\" data-element_type=\"column\" data-e-type=\"column\" data-settings=\"{&quot;background_background&quot;:&quot;classic&quot;}\">\n\t\t\t<div class=\"elementor-widget-wrap elementor-element-populated\">\n\t\t\t\t\t\t<div class=\"elementor-element elementor-element-1350a9f elementor-widget__width-auto elementor-view-default elementor-widget elementor-widget-icon\" data-id=\"1350a9f\" data-element_type=\"widget\" data-e-type=\"widget\" data-widget_type=\"icon.default\">\n\t\t\t\t<div class=\"elementor-widget-container\">\n\t\t\t\t\t\t\t<div class=\"elementor-icon-wrapper\">\n\t\t\t<div class=\"elementor-icon\">\n\t\t\t<i aria-hidden=\"true\" class=\"icon icon-paint-roller\"><\/i>\t\t\t<\/div>\n\t\t<\/div>\n\t\t\t\t\t\t<\/div>\n\t\t\t\t<\/div>\n\t\t\t\t<div class=\"elementor-element elementor-element-7e95ca2 elementor-widget__width-auto elementor-widget elementor-widget-heading\" data-id=\"7e95ca2\" data-element_type=\"widget\" data-e-type=\"widget\" data-widget_type=\"heading.default\">\n\t\t\t\t<div class=\"elementor-widget-container\">\n\t\t\t\t\t<h2 class=\"elementor-heading-title elementor-size-default\">01.<\/h2>\t\t\t\t<\/div>\n\t\t\t\t<\/div>\n\t\t\t\t<div class=\"elementor-element elementor-element-9649fd7 elementor-widget elementor-widget-elementskit-heading\" data-id=\"9649fd7\" data-element_type=\"widget\" data-e-type=\"widget\" data-widget_type=\"elementskit-heading.default\">\n\t\t\t\t<div class=\"elementor-widget-container\">\n\t\t\t\t\t<div class=\"ekit-wid-con\" ><div class=\"ekit-heading elementskit-section-title-wraper text_left   ekit_heading_tablet-   ekit_heading_mobile-\"><h3 class=\"ekit-heading--title elementskit-section-title\">Pintura de interiores<\/h3>\t\t\t\t<div class='ekit-heading__description'>\n\t\t\t\t\t<p>En Roger's Painting &amp; Home Improvement LLC brindamos servicios de pintura de interiores de alta calidad que se adaptan a sus necesidades de cada cliente. Nuestro equipo de pintores trabajar\u00e1 con el cliente para elegir los colores y acabados deseados que renovaran su espacio , cumpliendo con el tiempo y presupuesto.<\/p>\n<p>Realizamos cualquier pintura interior que necesite, desde una habitaci\u00f3n hasta toda la propiedad, estamos para ayudarlo y asesorarlo bien. Compruebe la calidad de nuestros servicios excepcionales de pintura de interiores que superaran sus expectativas.<\/p>\n\t\t\t\t<\/div>\n\t\t\t<\/div><\/div>\t\t\t\t<\/div>\n\t\t\t\t<\/div>\n\t\t\t\t\t<\/div>\n\t\t<\/div>\n\t\t\t\t<div class=\"elementor-column elementor-col-33 elementor-inner-column elementor-element elementor-element-1e46d9b\" data-id=\"1e46d9b\" data-element_type=\"column\" data-e-type=\"column\" data-settings=\"{&quot;background_background&quot;:&quot;classic&quot;}\">\n\t\t\t<div class=\"elementor-widget-wrap elementor-element-populated\">\n\t\t\t\t\t\t<div class=\"elementor-element elementor-element-2dce45f elementor-widget__width-auto elementor-view-default elementor-widget elementor-widget-icon\" data-id=\"2dce45f\" data-element_type=\"widget\" data-e-type=\"widget\" data-widget_type=\"icon.default\">\n\t\t\t\t<div class=\"elementor-widget-container\">\n\t\t\t\t\t\t\t<div class=\"elementor-icon-wrapper\">\n\t\t\t<div class=\"elementor-icon\">\n\t\t\t<i aria-hidden=\"true\" class=\"icon icon-paint-brushes\"><\/i>\t\t\t<\/div>\n\t\t<\/div>\n\t\t\t\t\t\t<\/div>\n\t\t\t\t<\/div>\n\t\t\t\t<div class=\"elementor-element elementor-element-9cff5b5 elementor-widget__width-auto elementor-widget elementor-widget-heading\" data-id=\"9cff5b5\" data-element_type=\"widget\" data-e-type=\"widget\" data-widget_type=\"heading.default\">\n\t\t\t\t<div class=\"elementor-widget-container\">\n\t\t\t\t\t<h2 class=\"elementor-heading-title elementor-size-default\">02.<\/h2>\t\t\t\t<\/div>\n\t\t\t\t<\/div>\n\t\t\t\t<div class=\"elementor-element elementor-element-b53c500 elementor-widget elementor-widget-elementskit-heading\" data-id=\"b53c500\" data-element_type=\"widget\" data-e-type=\"widget\" data-widget_type=\"elementskit-heading.default\">\n\t\t\t\t<div class=\"elementor-widget-container\">\n\t\t\t\t\t<div class=\"ekit-wid-con\" ><div class=\"ekit-heading elementskit-section-title-wraper text_left   ekit_heading_tablet-   ekit_heading_mobile-\"><h3 class=\"ekit-heading--title elementskit-section-title\">Pintura de exterior<\/h3>\t\t\t\t<div class='ekit-heading__description'>\n\t\t\t\t\t<p>Roger's Painting &amp; Home Improvement LLC sabe como darle mas valor a tu propiedad, y esto lo logras con el servicio de pintura exterior, nunca hab\u00eda sido tan f\u00e1cil darle a su hogar un cambio de imagen completo sin incurrir en demasiado gasto.<\/p>\n<p>Nuestros profesionales en pintura exterior ofrecen acabados de la m\u00e1s alta calidad para que usted obtenga un resultado final del que pueda estar satisfecho al 100%.<\/p>\n<p>Disfrutaras del color en tu casa, alegrando y limpiando el ambiente a tu alrededor.<\/p>\n\t\t\t\t<\/div>\n\t\t\t<\/div><\/div>\t\t\t\t<\/div>\n\t\t\t\t<\/div>\n\t\t\t\t\t<\/div>\n\t\t<\/div>\n\t\t\t\t<div class=\"elementor-column elementor-col-33 elementor-inner-column elementor-element elementor-element-238981d\" data-id=\"238981d\" data-element_type=\"column\" data-e-type=\"column\" data-settings=\"{&quot;background_background&quot;:&quot;classic&quot;}\">\n\t\t\t<div class=\"elementor-widget-wrap elementor-element-populated\">\n\t\t\t\t\t\t<div class=\"elementor-element elementor-element-3449443 elementor-widget__width-auto elementor-view-default elementor-widget elementor-widget-icon\" data-id=\"3449443\" data-element_type=\"widget\" data-e-type=\"widget\" data-widget_type=\"icon.default\">\n\t\t\t\t<div class=\"elementor-widget-container\">\n\t\t\t\t\t\t\t<div class=\"elementor-icon-wrapper\">\n\t\t\t<div class=\"elementor-icon\">\n\t\t\t<i aria-hidden=\"true\" class=\"hm hm-file-cabinet\"><\/i>\t\t\t<\/div>\n\t\t<\/div>\n\t\t\t\t\t\t<\/div>\n\t\t\t\t<\/div>\n\t\t\t\t<div class=\"elementor-element elementor-element-fe6c69d elementor-widget__width-auto elementor-widget elementor-widget-heading\" data-id=\"fe6c69d\" data-element_type=\"widget\" data-e-type=\"widget\" data-widget_type=\"heading.default\">\n\t\t\t\t<div class=\"elementor-widget-container\">\n\t\t\t\t\t<h2 class=\"elementor-heading-title elementor-size-default\">03.<\/h2>\t\t\t\t<\/div>\n\t\t\t\t<\/div>\n\t\t\t\t<div class=\"elementor-element elementor-element-13ea978 elementor-widget elementor-widget-elementskit-heading\" data-id=\"13ea978\" data-element_type=\"widget\" data-e-type=\"widget\" data-widget_type=\"elementskit-heading.default\">\n\t\t\t\t<div class=\"elementor-widget-container\">\n\t\t\t\t\t<div class=\"ekit-wid-con\" ><div class=\"ekit-heading elementskit-section-title-wraper text_left   ekit_heading_tablet-   ekit_heading_mobile-\"><h3 class=\"ekit-heading--title elementskit-section-title\">Pintura de gabinetes<\/h3>\t\t\t\t<div class='ekit-heading__description'>\n\t\t\t\t\t<p>Roger's Painting &amp; Home Improvement LLC te ayudara a renovar tus gabinetes de cocina, para que no gastes en nuevos gabinetes. Nuestros pintores trabajan con precisi\u00f3n y t\u00e9cnica lo que asegura acabados n\u00edtidos en cada trabajo.<\/p>\n<p>Nuestro equipo de pintores llegara hasta tu casa para desmontar los gabinetes y trabajarlos para que tu mismo compruebes la calidad del servicio y productos que aplicamos en cada pieza.<\/p>\n\t\t\t\t<\/div>\n\t\t\t<\/div><\/div>\t\t\t\t<\/div>\n\t\t\t\t<\/div>\n\t\t\t\t\t<\/div>\n\t\t<\/div>\n\t\t\t\t\t<\/div>\n\t\t<\/section>\n\t\t\t\t<section class=\"elementor-section elementor-inner-section elementor-element elementor-element-a18cfe3 elementor-section-boxed elementor-section-height-default elementor-section-height-default\" data-id=\"a18cfe3\" data-element_type=\"section\" data-e-type=\"section\" data-settings=\"{&quot;_ha_eqh_enable&quot;:false}\">\n\t\t\t\t\t\t<div class=\"elementor-container elementor-column-gap-no\">\n\t\t\t\t\t<div class=\"elementor-column elementor-col-33 elementor-inner-column elementor-element elementor-element-157caa5\" data-id=\"157caa5\" data-element_type=\"column\" data-e-type=\"column\" data-settings=\"{&quot;background_background&quot;:&quot;classic&quot;}\">\n\t\t\t<div class=\"elementor-widget-wrap elementor-element-populated\">\n\t\t\t\t\t\t<div class=\"elementor-element elementor-element-a15fb82 elementor-widget__width-auto elementor-view-default elementor-widget elementor-widget-icon\" data-id=\"a15fb82\" data-element_type=\"widget\" data-e-type=\"widget\" data-widget_type=\"icon.default\">\n\t\t\t\t<div class=\"elementor-widget-container\">\n\t\t\t\t\t\t\t<div class=\"elementor-icon-wrapper\">\n\t\t\t<div class=\"elementor-icon\">\n\t\t\t<i aria-hidden=\"true\" class=\"icon icon-Safe-house\"><\/i>\t\t\t<\/div>\n\t\t<\/div>\n\t\t\t\t\t\t<\/div>\n\t\t\t\t<\/div>\n\t\t\t\t<div class=\"elementor-element elementor-element-1f64835 elementor-widget__width-auto elementor-widget elementor-widget-heading\" data-id=\"1f64835\" data-element_type=\"widget\" data-e-type=\"widget\" data-widget_type=\"heading.default\">\n\t\t\t\t<div class=\"elementor-widget-container\">\n\t\t\t\t\t<h2 class=\"elementor-heading-title elementor-size-default\">04.<\/h2>\t\t\t\t<\/div>\n\t\t\t\t<\/div>\n\t\t\t\t<div class=\"elementor-element elementor-element-d9fad0c elementor-widget elementor-widget-elementskit-heading\" data-id=\"d9fad0c\" data-element_type=\"widget\" data-e-type=\"widget\" data-widget_type=\"elementskit-heading.default\">\n\t\t\t\t<div class=\"elementor-widget-container\">\n\t\t\t\t\t<div class=\"ekit-wid-con\" ><div class=\"ekit-heading elementskit-section-title-wraper text_left   ekit_heading_tablet-   ekit_heading_mobile-\"><h3 class=\"ekit-heading--title elementskit-section-title\">Pintura Residencial<\/h3>\t\t\t\t<div class='ekit-heading__description'>\n\t\t\t\t\t<p>Roger's Painting &amp; Home Improvement LLC te ofrece el servicio de pintura residencial, nuestros pintores preparan el \u00e1rea utilizando exactamente el equipo y material adecuado para cada trabajo, asegurando de que el proyecto se realice correctamente.<\/p>\n<p>Our home improvement and painting services include: interior painting, exterior painting, deck and fence painting, carpentry services, staining, wall retexturing, and more.<\/p>\n\t\t\t\t<\/div>\n\t\t\t<\/div><\/div>\t\t\t\t<\/div>\n\t\t\t\t<\/div>\n\t\t\t\t\t<\/div>\n\t\t<\/div>\n\t\t\t\t<div class=\"elementor-column elementor-col-33 elementor-inner-column elementor-element elementor-element-6f7b6d5\" data-id=\"6f7b6d5\" data-element_type=\"column\" data-e-type=\"column\" data-settings=\"{&quot;background_background&quot;:&quot;classic&quot;}\">\n\t\t\t<div class=\"elementor-widget-wrap elementor-element-populated\">\n\t\t\t\t\t\t<div class=\"elementor-element elementor-element-614e13a elementor-widget__width-auto elementor-view-default elementor-widget elementor-widget-icon\" data-id=\"614e13a\" data-element_type=\"widget\" data-e-type=\"widget\" data-widget_type=\"icon.default\">\n\t\t\t\t<div class=\"elementor-widget-container\">\n\t\t\t\t\t\t\t<div class=\"elementor-icon-wrapper\">\n\t\t\t<div class=\"elementor-icon\">\n\t\t\t<i aria-hidden=\"true\" class=\"hm hm-add-peoples\"><\/i>\t\t\t<\/div>\n\t\t<\/div>\n\t\t\t\t\t\t<\/div>\n\t\t\t\t<\/div>\n\t\t\t\t<div class=\"elementor-element elementor-element-71796cf elementor-widget__width-auto elementor-widget elementor-widget-heading\" data-id=\"71796cf\" data-element_type=\"widget\" data-e-type=\"widget\" data-widget_type=\"heading.default\">\n\t\t\t\t<div class=\"elementor-widget-container\">\n\t\t\t\t\t<h2 class=\"elementor-heading-title elementor-size-default\">05.<\/h2>\t\t\t\t<\/div>\n\t\t\t\t<\/div>\n\t\t\t\t<div class=\"elementor-element elementor-element-9c852f1 elementor-widget elementor-widget-elementskit-heading\" data-id=\"9c852f1\" data-element_type=\"widget\" data-e-type=\"widget\" data-widget_type=\"elementskit-heading.default\">\n\t\t\t\t<div class=\"elementor-widget-container\">\n\t\t\t\t\t<div class=\"ekit-wid-con\" ><div class=\"ekit-heading elementskit-section-title-wraper text_left   ekit_heading_tablet-   ekit_heading_mobile-\"><h3 class=\"ekit-heading--title elementskit-section-title\">Carpinter\u00eda<\/h3>\t\t\t\t<div class='ekit-heading__description'>\n\t\t\t\t\t<p>Roger's Painting &amp; Home Improvement LLC, ofrece servicios de carpinteria varios, reparaciones de paredes interiores, reparaciones de madera podrida en exteriores o instalaci\u00f3n de molduras decorativas.<\/p>\n<p>Nuestros pintores le ayudaran en instalaci\u00f3n de puertas, ventanas, z\u00f3calos, molduras de techo, revestimiento de madera, molduras decorativas, tintado, barnizado y mucho m\u00e1s.<\/p>\n<p>Nuestro equipo est\u00e1 formado por carpinteros experimentados y profesionales, expertos en reparaci\u00f3n y elaboraci\u00f3n de piezas de madera.<\/p>\n<p>Garantiza tu casa con carpinteros profesionales, desde reparaci\u00f3n de revestimientos y ventanas hasta gabinetes de cocina y estanter\u00edas, brindamos una amplia variedad de servicios de carpinter\u00eda liviana.<\/p>\n\t\t\t\t<\/div>\n\t\t\t<\/div><\/div>\t\t\t\t<\/div>\n\t\t\t\t<\/div>\n\t\t\t\t\t<\/div>\n\t\t<\/div>\n\t\t\t\t<div class=\"elementor-column elementor-col-33 elementor-inner-column elementor-element elementor-element-fc32522\" data-id=\"fc32522\" data-element_type=\"column\" data-e-type=\"column\" data-settings=\"{&quot;background_background&quot;:&quot;classic&quot;}\">\n\t\t\t<div class=\"elementor-widget-wrap elementor-element-populated\">\n\t\t\t\t\t\t<div class=\"elementor-element elementor-element-8e81afd elementor-widget__width-auto elementor-view-default elementor-widget elementor-widget-icon\" data-id=\"8e81afd\" data-element_type=\"widget\" data-e-type=\"widget\" data-widget_type=\"icon.default\">\n\t\t\t\t<div class=\"elementor-widget-container\">\n\t\t\t\t\t\t\t<div class=\"elementor-icon-wrapper\">\n\t\t\t<div class=\"elementor-icon\">\n\t\t\t<i aria-hidden=\"true\" class=\"icon icon-tools\"><\/i>\t\t\t<\/div>\n\t\t<\/div>\n\t\t\t\t\t\t<\/div>\n\t\t\t\t<\/div>\n\t\t\t\t<div class=\"elementor-element elementor-element-b47ad58 elementor-widget__width-auto elementor-widget elementor-widget-heading\" data-id=\"b47ad58\" data-element_type=\"widget\" data-e-type=\"widget\" data-widget_type=\"heading.default\">\n\t\t\t\t<div class=\"elementor-widget-container\">\n\t\t\t\t\t<h2 class=\"elementor-heading-title elementor-size-default\">06.<\/h2>\t\t\t\t<\/div>\n\t\t\t\t<\/div>\n\t\t\t\t<div class=\"elementor-element elementor-element-0dde0e6 elementor-widget elementor-widget-elementskit-heading\" data-id=\"0dde0e6\" data-element_type=\"widget\" data-e-type=\"widget\" data-widget_type=\"elementskit-heading.default\">\n\t\t\t\t<div class=\"elementor-widget-container\">\n\t\t\t\t\t<div class=\"ekit-wid-con\" ><div class=\"ekit-heading elementskit-section-title-wraper text_left   ekit_heading_tablet-   ekit_heading_mobile-\"><h3 class=\"ekit-heading--title elementskit-section-title\">Pintura de terrazas y vallas<\/h3>\t\t\t\t<div class='ekit-heading__description'>\n\t\t\t\t\t<p>Roger's Painting &amp; Home Improvement LLC conoce lo importante que es el mantenimiento de tu valla y tu terraza para ti.<\/p>\n<p>Nuestra compa\u00f1\u00eda ofrece el servicio de pintura de terraza y valla, alargando la vida de los elementos que te dan seguridad y comodidad en el exterior de una propiedad. La mejor manera de proteger su terraza y sus vallas es te\u00f1irla o pintarla peri\u00f3dicamente. Estos servicios ayudan a los propietarios a mantener sus terrazas resistentes a la intemperie y hermosas.<\/p>\n\t\t\t\t<\/div>\n\t\t\t<\/div><\/div>\t\t\t\t<\/div>\n\t\t\t\t<\/div>\n\t\t\t\t\t<\/div>\n\t\t<\/div>\n\t\t\t\t\t<\/div>\n\t\t<\/section>\n\t\t\t\t<section class=\"elementor-section elementor-inner-section elementor-element elementor-element-84f4ac2 elementor-section-boxed elementor-section-height-default elementor-section-height-default\" data-id=\"84f4ac2\" data-element_type=\"section\" data-e-type=\"section\" data-settings=\"{&quot;_ha_eqh_enable&quot;:false}\">\n\t\t\t\t\t\t<div class=\"elementor-container elementor-column-gap-no\">\n\t\t\t\t\t<div class=\"elementor-column elementor-col-50 elementor-inner-column elementor-element elementor-element-9789ec6\" data-id=\"9789ec6\" data-element_type=\"column\" data-e-type=\"column\" data-settings=\"{&quot;background_background&quot;:&quot;classic&quot;}\">\n\t\t\t<div class=\"elementor-widget-wrap elementor-element-populated\">\n\t\t\t\t\t\t<div class=\"elementor-element elementor-element-3f850c5 elementor-widget__width-auto elementor-view-default elementor-widget elementor-widget-icon\" data-id=\"3f850c5\" data-element_type=\"widget\" data-e-type=\"widget\" data-widget_type=\"icon.default\">\n\t\t\t\t<div class=\"elementor-widget-container\">\n\t\t\t\t\t\t\t<div class=\"elementor-icon-wrapper\">\n\t\t\t<div class=\"elementor-icon\">\n\t\t\t<i aria-hidden=\"true\" class=\"hm hm-brush-paint\"><\/i>\t\t\t<\/div>\n\t\t<\/div>\n\t\t\t\t\t\t<\/div>\n\t\t\t\t<\/div>\n\t\t\t\t<div class=\"elementor-element elementor-element-fa45cca elementor-widget__width-auto elementor-widget elementor-widget-heading\" data-id=\"fa45cca\" data-element_type=\"widget\" data-e-type=\"widget\" data-widget_type=\"heading.default\">\n\t\t\t\t<div class=\"elementor-widget-container\">\n\t\t\t\t\t<h2 class=\"elementor-heading-title elementor-size-default\">07.<\/h2>\t\t\t\t<\/div>\n\t\t\t\t<\/div>\n\t\t\t\t<div class=\"elementor-element elementor-element-e422ee4 elementor-widget elementor-widget-elementskit-heading\" data-id=\"e422ee4\" data-element_type=\"widget\" data-e-type=\"widget\" data-widget_type=\"elementskit-heading.default\">\n\t\t\t\t<div class=\"elementor-widget-container\">\n\t\t\t\t\t<div class=\"ekit-wid-con\" ><div class=\"ekit-heading elementskit-section-title-wraper text_left   ekit_heading_tablet-   ekit_heading_mobile-\"><h3 class=\"ekit-heading--title elementskit-section-title\">Stucco Painting<\/h3>\t\t\t\t<div class='ekit-heading__description'>\n\t\t\t\t\t<p>Nuestros expertos de Roger's Painting &amp; Home Improvement LLC llegaran a evaluar los diferentes tipos de stucco para sugerirte la reparaci\u00f3n id\u00f3nea y la pintura que garantice la durabilidad y acabado est\u00e9tico deseado.<\/p>\n<p>Perm\u00edtanos disfrutar de su estuco por muchos a\u00f1os m\u00e1s. Aplicamos  pintura impermeable que se expandir\u00e1 y contraer\u00e1 para brindar una protecci\u00f3n superior.<\/p>\n<p>D\u00edgale adi\u00f3s al estuco da\u00f1ado, haremos un reemplazo de cualquier da\u00f1o y dejaremos su casa como nueva.<\/p>\n<p>Nuestros servicios de mejoras y pintura del hogar incluyen: pintura interior, pintura exterior, pintura de cielo, pintura de terrazas y vallas, servicios de carpinter\u00eda, te\u00f1ido, Re texturizaci\u00f3n de paredes y m\u00e1s.<\/p>\n\t\t\t\t<\/div>\n\t\t\t<\/div><\/div>\t\t\t\t<\/div>\n\t\t\t\t<\/div>\n\t\t\t\t\t<\/div>\n\t\t<\/div>\n\t\t\t\t<div class=\"elementor-column elementor-col-50 elementor-inner-column elementor-element elementor-element-cbf13fa\" data-id=\"cbf13fa\" data-element_type=\"column\" data-e-type=\"column\" data-settings=\"{&quot;background_background&quot;:&quot;classic&quot;}\">\n\t\t\t<div class=\"elementor-widget-wrap elementor-element-populated\">\n\t\t\t\t\t\t<div class=\"elementor-element elementor-element-a126f31 elementor-widget__width-auto elementor-view-default elementor-widget elementor-widget-icon\" data-id=\"a126f31\" data-element_type=\"widget\" data-e-type=\"widget\" data-widget_type=\"icon.default\">\n\t\t\t\t<div class=\"elementor-widget-container\">\n\t\t\t\t\t\t\t<div class=\"elementor-icon-wrapper\">\n\t\t\t<div class=\"elementor-icon\">\n\t\t\t<i aria-hidden=\"true\" class=\"icon icon-eraser\"><\/i>\t\t\t<\/div>\n\t\t<\/div>\n\t\t\t\t\t\t<\/div>\n\t\t\t\t<\/div>\n\t\t\t\t<div class=\"elementor-element elementor-element-bbad3da elementor-widget__width-auto elementor-widget elementor-widget-heading\" data-id=\"bbad3da\" data-element_type=\"widget\" data-e-type=\"widget\" data-widget_type=\"heading.default\">\n\t\t\t\t<div class=\"elementor-widget-container\">\n\t\t\t\t\t<h2 class=\"elementor-heading-title elementor-size-default\">08.<\/h2>\t\t\t\t<\/div>\n\t\t\t\t<\/div>\n\t\t\t\t<div class=\"elementor-element elementor-element-14cb601 elementor-widget elementor-widget-elementskit-heading\" data-id=\"14cb601\" data-element_type=\"widget\" data-e-type=\"widget\" data-widget_type=\"elementskit-heading.default\">\n\t\t\t\t<div class=\"elementor-widget-container\">\n\t\t\t\t\t<div class=\"ekit-wid-con\" ><div class=\"ekit-heading elementskit-section-title-wraper text_left   ekit_heading_tablet-   ekit_heading_mobile-\"><h3 class=\"ekit-heading--title elementskit-section-title\">Remove Popcorn Ceiling<\/h3>\t\t\t\t<div class='ekit-heading__description'>\n\t\t\t\t\t<p>Roger's Painting &amp; Home Improvement LLC te ayudara a quitar el papel tapiz de tus paredes sin ninguna complicaci\u00f3n. Nuestros t\u00e9cnicos utilizan las herramientas precisas para quitar papel tapiz, sin da\u00f1ar severamente las paredes, usamos herramientas desde las m\u00e1s simples para raspar y lijar hasta vaporizadores industriales de alta resistencia.<\/p>\n<p>Cuenta con nuestro equipo t\u00e9cnico para obtener resultados n\u00edtidos que har\u00e1n lucir tu casa como nueva sin mucha inversi\u00f3n.<\/p>\n\t\t\t\t<\/div>\n\t\t\t<\/div><\/div>\t\t\t\t<\/div>\n\t\t\t\t<\/div>\n\t\t\t\t\t<\/div>\n\t\t<\/div>\n\t\t\t\t\t<\/div>\n\t\t<\/section>\n\t\t\t\t\t<\/div>\n\t\t<\/div>\n\t\t\t\t\t<\/div>\n\t\t<\/section>\n\t\t\t\t<\/div>","protected":false},"excerpt":{"rendered":"<p>Our Services 01. Interior Painting At Roger&#8217;s Painting &amp; Home Improvement LLC we provide high quality interior painting services that are tailored to each client&#8217;s needs. Our team of painters will work with the client to choose the desired colors and finishes that will renovate your space, on time and on budget. We do any interior painting you need, from [&hellip;]<\/p>\n","protected":false},"author":1,"featured_media":0,"parent":0,"menu_order":0,"comment_status":"closed","ping_status":"closed","template":"elementor_header_footer","meta":{"footnotes":""},"class_list":["post-86","page","type-page","status-publish","hentry"],"_links":{"self":[{"href":"https:\/\/roger-paintingllc.com\/es\/wp-json\/wp\/v2\/pages\/86","targetHints":{"allow":["GET"]}}],"collection":[{"href":"https:\/\/roger-paintingllc.com\/es\/wp-json\/wp\/v2\/pages"}],"about":[{"href":"https:\/\/roger-paintingllc.com\/es\/wp-json\/wp\/v2\/types\/page"}],"author":[{"embeddable":true,"href":"https:\/\/roger-paintingllc.com\/es\/wp-json\/wp\/v2\/users\/1"}],"replies":[{"embeddable":true,"href":"https:\/\/roger-paintingllc.com\/es\/wp-json\/wp\/v2\/comments?post=86"}],"version-history":[{"count":16,"href":"https:\/\/roger-paintingllc.com\/es\/wp-json\/wp\/v2\/pages\/86\/revisions"}],"predecessor-version":[{"id":486,"href":"https:\/\/roger-paintingllc.com\/es\/wp-json\/wp\/v2\/pages\/86\/revisions\/486"}],"wp:attachment":[{"href":"https:\/\/roger-paintingllc.com\/es\/wp-json\/wp\/v2\/media?parent=86"}],"curies":[{"name":"wp","href":"https:\/\/api.w.org\/{rel}","templated":true}]}}